{"id":661,"date":"2024-07-16T17:14:19","date_gmt":"2024-07-16T22:14:19","guid":{"rendered":"https:\/\/ciani.bucaramanga.upb.edu.co\/?page_id=661"},"modified":"2025-01-16T11:26:01","modified_gmt":"2025-01-16T16:26:01","slug":"comite-cientifico","status":"publish","type":"page","link":"https:\/\/ciani.bucaramanga.upb.edu.co\/index.php\/comite-cientifico\/","title":{"rendered":"Comit\u00e9 Cient\u00edfico"},"content":{"rendered":"<p><strong>Comit\u00e9 Cient\u00edfico<\/strong><\/p>\n<p>Julio Cesar Ram\u00edrez Monta\u00f1ez- Candidato Phd. Gerencia Educativa, Universidad Pontificia Bolivariana.<br \/>\nColombia.<\/p>\n<p>Jorge Luis Bejarano Mart\u00ednez- Mag\u00edster en Marketing e Investigaci\u00f3n de Mercados, Universidad Pontificia Bolivariana, Colombia.<\/p>\n<p>Andres felipe acevedo Ojeda. Doctor en ingenier\u00eda industrial. Tecnol\u00f3gico de Monterrey. Mexico<\/p>\n<p>Jaime Enrique Sarmiento Suarez- Doctor en Gesti\u00f3n de la Tecnolog\u00eda y la Innovaci\u00f3n, Universidad Pontificia Bolivariana, Colombia.<\/p>\n<p>Juli\u00e1n Fernando Guadr\u00f3n\u00a0 Vargas &#8211; Mag\u00edster en Comunicaci\u00f3n y Comercializaci\u00f3n Publicitaria, Universidad Pontificia Bolivariana, Colombia.<\/p>\n<p>Wanda Ximena Morgana Ort\u00edz N\u00fa\u00f1ez- Mag\u00edster en Administraci\u00f3n, Universidad Pontificia Bolivariana, Colombia.<\/p>\n<p>Helio Armando Fern\u00e1ndez Aranda, Mag\u00edster en Ciencias Econ\u00f3micas, Universidad Pontificia Bolivariana, Colombia<\/p>\n<p>Greissly Dallanny C\u00e1rdenas Angarita-Magister en Econom\u00eda y Desarrollo, Universidad Pontificia Bolivariana. Colombia.<\/p>\n<p>Diana Milena L\u00f3pez Garc\u00eda &#8211; Mag\u00edster en Asuntos Internacionales, Universidad Pontificia Bolivariana, Bogot\u00e1, Colombia.<\/p>\n<p>Paola Mart\u00ednez Higuera- Mag\u00edster en Log\u00edstica Integral, Universidad Pontificia Bolivariana, Colombia.<\/p>\n<p>Alessandra de Linhares Jacobsen &#8211; Doutora em Engenheria de Produ\u00e7\u00e3o e Sistemas. Universidade Federal de<br \/>\nSanta Catarina. Brasil.<\/p>\n<p>Antonio Jos\u00e9 Boada &#8211; Maestr\u00eda en Finanzas. Universidad Sim\u00f3n Bol\u00edvar -Venezuela.<\/p>\n<p>Armando Mart\u00edn J\u00edmenez Rodr\u00edguez- Econom\u00eda Internacional. Universidad Sim\u00f3n Bol\u00edvar-Venezuela.<\/p>\n<p>Carlos Jos\u00e9 Pe\u00f1a Parra &#8211; Ciencias Sociales. Universidad Central de Venezuela -Venezuela.<\/p>\n<p>Dani Jos\u00e9 Villalobos Soto &#8211; Integraci\u00f3n Regional. Universidad Sim\u00f3n Bol\u00edvar-Venezuela.<\/p>\n<p>Eduardo Andr\u00e9s Soto Gajardo- Magister en Administraci\u00f3n de Empresas &#8211; Universidad Central de Venezuela &#8211;<br \/>\nVenezuela.<\/p>\n<p>Indira Enox Rodr\u00edguez de Real &#8211; MSc. en Gerencia de Recursos Humanos. Diplomado de Estudios Avanzados<br \/>\nen la UPM. Universidad Nacional Experimental de Guayana- Venezuela.<\/p>\n<p>Katty Marisabel D\u00edaz Morales- Doctoranda en Estudios del Desarrollo. Universidad de Los Andes-Venezuela.<\/p>\n<p>Leidy Claret Hern\u00e1ndez Flores-Magister en Educaci\u00f3n Superior menci\u00f3n Docencia Universitaria. Universidad Ferm\u00edn Toro-Venezuela.<\/p>\n<p>Mar\u00eda Virginia Camacaro P\u00e9rez-Magister en Administra Menci\u00f3n Gerencia Universidad de los Andes Venezuela.<\/p>\n<p>Olga Mayirit Morales Barrios-Mag\u00edster en Gerencia menci\u00f3n mercadeo y ventas. Diploma de Estudios Avanzados (DEA) Econom\u00eda Agraria y Desarrollo Rural. Universidad Nacional Experimental de Guayana-Venezuela.<\/p>\n<p>\u00d3scar Eduardo Fern\u00e1ndez Guill\u00e9n-Maestr\u00eda en Econom\u00eda, menci\u00f3n Pol\u00edticas Econ\u00f3micas. Universidad de Los<br \/>\nAndes-Venezuela.<\/p>\n<p>Rolando Jos\u00e9 Sumoza Matos-Magister Scientae en Administraci\u00f3n, Menci\u00f3n: Finanzas. Universidad de Los<br \/>\nAndes-Venezuela.<\/p>\n<p>Soraya Zuinaga de Mazzei-Magister Scientiarum en Seguridad y Defensa Nacional. Acad\u00e9mica independiente-Venezuela.<\/p>\n<p>Enrique Roberto Azpeitia Torres-Maestro en Administraci\u00f3n de Negocios. Universidad de Guadalajara-M\u00e9xico.<\/p>\n<p>Jorge Quiroz F\u00e9lix-Doctor en Ciencias Econ\u00f3micas. Universidad Estatal de Sonora-M\u00e9xico.<\/p>\n<p>Jos\u00e9 Manuel Osorio Atondo. Doctor en Ciencias de lo Fiscal- Universidad Estatal de Sonora. M\u00e9xico.<\/p>\n<p>Patricia Villasana Ramos-Mercadotecnia Internacional. Universidad De La Salle Baj\u00edo-M\u00e9xico.<\/p>\n<p>Rosalinda G\u00e1mez Gast\u00e9lum-Doctorado. Universidad Aut\u00f3noma de Sinaloa-M\u00e9xico.<\/p>\n<p>Fabrizio Noboa S\u00e1nchez-PhD en Management- Universidad San Francisco de Quito-Ecuador.<\/p>\n<p>Marek Michalski Michalska-Doctor en Ciencias Econ\u00f3micas y Empresa. Universidad San Francisco de Quito-Ecuador.<\/p>\n<p>Maria Elena Morales Navas. Master en Gerencia Educativa-Universidad Polit\u00e9cnica Salesiana Sede<br \/>\nGuayaquil-Ecuador.<\/p>\n<p>Maria Gabriela Guevara Segarra-Magister en Administraci\u00f3n de Empresas. Universidad Polit\u00e9cnica Salesiana-Ecuador.<\/p>\n<p>Pablo Alberto P\u00e9rez Gosende-Master en Administraci\u00f3n de Empresas Gesti\u00f3n de la Producci\u00f3n y Los Servicios.<br \/>\nUniversidad Polit\u00e9cnica Salesiana-Ecuador.<\/p>\n<p>Joaqu\u00edn Jose Carvalho Proenca-Master Cultura Cient\u00edfica y de la Innovaci\u00f3n. Universidad Polit\u00e9cnica Valencia-Espa\u00f1a.<\/p>\n<p>Julio C\u00e9sar De La Rocha Corzo-Doctor en Ciencias Econ\u00f3micas y Empresariales. Universidad de Lima-Per\u00fa.<\/p>\n<p>Max Guillermo Schwarz D\u00edaz-Doctor en Ingenier\u00eda Industrial. Universidad de Lima-Per\u00fa.<\/p>\n<p>Norka Patricia Stuart Alvarado-Doctor en Ciencias Administrativas. Universidad Nacional Mayor de San Marcos-Per\u00fa.<\/p>\n<p>Roby Arbe Salda\u00f1a-MBA University of Illinois Urbana-Champaign. Universidad de Lima. Per\u00fa.<\/p>\n<p>Victor Wilfredo Bohorquez Lopez. Ph.D. in Business Administration. Universidad de Lima. Per\u00fa.<\/p>\n","protected":false},"excerpt":{"rendered":"<p>Comit\u00e9 Cient\u00edfico Julio Cesar Ram\u00edrez Monta\u00f1ez- Candidato Phd. Gerencia Educativa, Universidad Pontificia Bolivariana. Colombia. Jorge Luis Bejarano Mart\u00ednez- Mag\u00edster en[&#8230;]<\/p>\n","protected":false},"author":2,"featured_media":0,"parent":0,"menu_order":0,"comment_status":"closed","ping_status":"closed","template":"","meta":{"footnotes":""},"yoast_head":"<!-- This site is optimized with the Yoast SEO plugin v23.1 - https:\/\/yoast.com\/wordpress\/plugins\/seo\/ -->\n<title>Comit\u00e9 Cient\u00edfico - CIANI UPB<\/title>\n<meta name=\"robots\" content=\"noindex, follow\" \/>\n<meta property=\"og:locale\" content=\"es_ES\" \/>\n<meta property=\"og:type\" content=\"article\" \/>\n<meta property=\"og:title\" content=\"Comit\u00e9 Cient\u00edfico - CIANI UPB\" \/>\n<meta property=\"og:description\" content=\"Comit\u00e9 Cient\u00edfico Julio Cesar Ram\u00edrez Monta\u00f1ez- Candidato Phd. Gerencia Educativa, Universidad Pontificia Bolivariana. Colombia. Jorge Luis Bejarano Mart\u00ednez- Mag\u00edster en[...]\" \/>\n<meta property=\"og:url\" content=\"https:\/\/ciani.bucaramanga.upb.edu.co\/index.php\/comite-cientifico\/\" \/>\n<meta property=\"og:site_name\" content=\"CIANI UPB\" \/>\n<meta property=\"article:modified_time\" content=\"2025-01-16T16:26:01+00:00\" \/>\n<meta name=\"twitter:card\" content=\"summary_large_image\" \/>\n<meta name=\"twitter:label1\" content=\"Tiempo de lectura\" \/>\n\t<meta name=\"twitter:data1\" content=\"3 minutos\" \/>\n<script type=\"application\/ld+json\" class=\"yoast-schema-graph\">{\"@context\":\"https:\/\/schema.org\",\"@graph\":[{\"@type\":\"WebPage\",\"@id\":\"https:\/\/ciani.bucaramanga.upb.edu.co\/index.php\/comite-cientifico\/\",\"url\":\"https:\/\/ciani.bucaramanga.upb.edu.co\/index.php\/comite-cientifico\/\",\"name\":\"Comit\u00e9 Cient\u00edfico - CIANI UPB\",\"isPartOf\":{\"@id\":\"https:\/\/ciani.bucaramanga.upb.edu.co\/#website\"},\"datePublished\":\"2024-07-16T22:14:19+00:00\",\"dateModified\":\"2025-01-16T16:26:01+00:00\",\"breadcrumb\":{\"@id\":\"https:\/\/ciani.bucaramanga.upb.edu.co\/index.php\/comite-cientifico\/#breadcrumb\"},\"inLanguage\":\"es-CO\",\"potentialAction\":[{\"@type\":\"ReadAction\",\"target\":[\"https:\/\/ciani.bucaramanga.upb.edu.co\/index.php\/comite-cientifico\/\"]}]},{\"@type\":\"BreadcrumbList\",\"@id\":\"https:\/\/ciani.bucaramanga.upb.edu.co\/index.php\/comite-cientifico\/#breadcrumb\",\"itemListElement\":[{\"@type\":\"ListItem\",\"position\":1,\"name\":\"Inicio\",\"item\":\"https:\/\/ciani.bucaramanga.upb.edu.co\/\"},{\"@type\":\"ListItem\",\"position\":2,\"name\":\"Comit\u00e9 Cient\u00edfico\"}]},{\"@type\":\"WebSite\",\"@id\":\"https:\/\/ciani.bucaramanga.upb.edu.co\/#website\",\"url\":\"https:\/\/ciani.bucaramanga.upb.edu.co\/\",\"name\":\"CIANI UPB 2026\",\"description\":\"VI Congreso Internacional en Administraci\u00f3n de Negocios Internacionales (CIANI 2026)\",\"publisher\":{\"@id\":\"https:\/\/ciani.bucaramanga.upb.edu.co\/#organization\"},\"potentialAction\":[{\"@type\":\"SearchAction\",\"target\":{\"@type\":\"EntryPoint\",\"urlTemplate\":\"https:\/\/ciani.bucaramanga.upb.edu.co\/?s={search_term_string}\"},\"query-input\":\"required name=search_term_string\"}],\"inLanguage\":\"es-CO\"},{\"@type\":\"Organization\",\"@id\":\"https:\/\/ciani.bucaramanga.upb.edu.co\/#organization\",\"name\":\"CIANI UPB 2026\",\"url\":\"https:\/\/ciani.bucaramanga.upb.edu.co\/\",\"logo\":{\"@type\":\"ImageObject\",\"inLanguage\":\"es-CO\",\"@id\":\"https:\/\/ciani.bucaramanga.upb.edu.co\/#\/schema\/logo\/image\/\",\"url\":\"https:\/\/ciani.bucaramanga.upb.edu.co\/wp-content\/uploads\/2022\/06\/cropped-Untitled-design-8.png\",\"contentUrl\":\"https:\/\/ciani.bucaramanga.upb.edu.co\/wp-content\/uploads\/2022\/06\/cropped-Untitled-design-8.png\",\"width\":250,\"height\":50,\"caption\":\"CIANI UPB 2026\"},\"image\":{\"@id\":\"https:\/\/ciani.bucaramanga.upb.edu.co\/#\/schema\/logo\/image\/\"}}]}<\/script>\n<!-- \/ Yoast SEO plugin. -->","yoast_head_json":{"title":"Comit\u00e9 Cient\u00edfico - CIANI UPB","robots":{"index":"noindex","follow":"follow"},"og_locale":"es_ES","og_type":"article","og_title":"Comit\u00e9 Cient\u00edfico - CIANI UPB","og_description":"Comit\u00e9 Cient\u00edfico Julio Cesar Ram\u00edrez Monta\u00f1ez- Candidato Phd. Gerencia Educativa, Universidad Pontificia Bolivariana. Colombia. Jorge Luis Bejarano Mart\u00ednez- Mag\u00edster en[...]","og_url":"https:\/\/ciani.bucaramanga.upb.edu.co\/index.php\/comite-cientifico\/","og_site_name":"CIANI UPB","article_modified_time":"2025-01-16T16:26:01+00:00","twitter_card":"summary_large_image","twitter_misc":{"Tiempo de lectura":"3 minutos"},"schema":{"@context":"https:\/\/schema.org","@graph":[{"@type":"WebPage","@id":"https:\/\/ciani.bucaramanga.upb.edu.co\/index.php\/comite-cientifico\/","url":"https:\/\/ciani.bucaramanga.upb.edu.co\/index.php\/comite-cientifico\/","name":"Comit\u00e9 Cient\u00edfico - CIANI UPB","isPartOf":{"@id":"https:\/\/ciani.bucaramanga.upb.edu.co\/#website"},"datePublished":"2024-07-16T22:14:19+00:00","dateModified":"2025-01-16T16:26:01+00:00","breadcrumb":{"@id":"https:\/\/ciani.bucaramanga.upb.edu.co\/index.php\/comite-cientifico\/#breadcrumb"},"inLanguage":"es-CO","potentialAction":[{"@type":"ReadAction","target":["https:\/\/ciani.bucaramanga.upb.edu.co\/index.php\/comite-cientifico\/"]}]},{"@type":"BreadcrumbList","@id":"https:\/\/ciani.bucaramanga.upb.edu.co\/index.php\/comite-cientifico\/#breadcrumb","itemListElement":[{"@type":"ListItem","position":1,"name":"Inicio","item":"https:\/\/ciani.bucaramanga.upb.edu.co\/"},{"@type":"ListItem","position":2,"name":"Comit\u00e9 Cient\u00edfico"}]},{"@type":"WebSite","@id":"https:\/\/ciani.bucaramanga.upb.edu.co\/#website","url":"https:\/\/ciani.bucaramanga.upb.edu.co\/","name":"CIANI UPB 2026","description":"VI Congreso Internacional en Administraci\u00f3n de Negocios Internacionales (CIANI 2026)","publisher":{"@id":"https:\/\/ciani.bucaramanga.upb.edu.co\/#organization"},"potentialAction":[{"@type":"SearchAction","target":{"@type":"EntryPoint","urlTemplate":"https:\/\/ciani.bucaramanga.upb.edu.co\/?s={search_term_string}"},"query-input":"required name=search_term_string"}],"inLanguage":"es-CO"},{"@type":"Organization","@id":"https:\/\/ciani.bucaramanga.upb.edu.co\/#organization","name":"CIANI UPB 2026","url":"https:\/\/ciani.bucaramanga.upb.edu.co\/","logo":{"@type":"ImageObject","inLanguage":"es-CO","@id":"https:\/\/ciani.bucaramanga.upb.edu.co\/#\/schema\/logo\/image\/","url":"https:\/\/ciani.bucaramanga.upb.edu.co\/wp-content\/uploads\/2022\/06\/cropped-Untitled-design-8.png","contentUrl":"https:\/\/ciani.bucaramanga.upb.edu.co\/wp-content\/uploads\/2022\/06\/cropped-Untitled-design-8.png","width":250,"height":50,"caption":"CIANI UPB 2026"},"image":{"@id":"https:\/\/ciani.bucaramanga.upb.edu.co\/#\/schema\/logo\/image\/"}}]}},"_links":{"self":[{"href":"https:\/\/ciani.bucaramanga.upb.edu.co\/index.php\/wp-json\/wp\/v2\/pages\/661"}],"collection":[{"href":"https:\/\/ciani.bucaramanga.upb.edu.co\/index.php\/wp-json\/wp\/v2\/pages"}],"about":[{"href":"https:\/\/ciani.bucaramanga.upb.edu.co\/index.php\/wp-json\/wp\/v2\/types\/page"}],"author":[{"embeddable":true,"href":"https:\/\/ciani.bucaramanga.upb.edu.co\/index.php\/wp-json\/wp\/v2\/users\/2"}],"replies":[{"embeddable":true,"href":"https:\/\/ciani.bucaramanga.upb.edu.co\/index.php\/wp-json\/wp\/v2\/comments?post=661"}],"version-history":[{"count":8,"href":"https:\/\/ciani.bucaramanga.upb.edu.co\/index.php\/wp-json\/wp\/v2\/pages\/661\/revisions"}],"predecessor-version":[{"id":750,"href":"https:\/\/ciani.bucaramanga.upb.edu.co\/index.php\/wp-json\/wp\/v2\/pages\/661\/revisions\/750"}],"wp:attachment":[{"href":"https:\/\/ciani.bucaramanga.upb.edu.co\/index.php\/wp-json\/wp\/v2\/media?parent=661"}],"curies":[{"name":"wp","href":"https:\/\/api.w.org\/{rel}","templated":true}]}}